{"id":117893,"date":"2023-08-31T22:29:49","date_gmt":"2023-08-31T22:29:49","guid":{"rendered":"https:\/\/colorfulstrategy.eu\/?post_type=product&#038;p=117893"},"modified":"2024-03-23T22:45:19","modified_gmt":"2024-03-23T22:45:19","slug":"redaction","status":"publish","type":"product","link":"https:\/\/colorfulstrategy.eu\/fr\/produit\/redaction\/","title":{"rendered":"Besoin de contenu r\u00e9dactionnel ?"},"content":{"rendered":"","protected":false},"excerpt":{"rendered":"<p><span style=\"font-weight: 400;\">Habitu\u00e9s \u00e0 \u00e9crire pour des dossiers, articles et m\u00eame des livres pour notre autrice de m\u00e9tier, Oro et Nath Apolline sont l\u00e0 pour vous ! Demandez \u00e0 l\u2019\u00e9quipe Testeur de CBD diff\u00e9rentes t\u00e2ches de r\u00e9daction, nous sommes qualifi\u00e9s dans l&#8217;univers du cannabis et parlons plusieurs langues au quotidien.<\/span><\/p>\n<hr \/>\n<h6>Note : Vous pouvez, \u00e0 tout moment, demander une critique gratuite de vos produits sur testeur de CBD. Faites votre demande ici : CRITIQUE GRATUITE. Si vous avez d\u00e9j\u00e0 \u00e9t\u00e9 publi\u00e9s sur Testeur de CBD, demandez votre &#8220;<a href=\"https:\/\/colorfulstrategy.eu\/fr\/produit\/boost\/\">contrat partenaire<\/a>&#8221; et boostez votre marque !<\/h6>","protected":false},"featured_media":117857,"comment_status":"open","ping_status":"closed","template":"","meta":[],"product_brand":[],"product_cat":[114,124,125,126],"product_tag":[],"class_list":{"0":"post-117893","1":"product","2":"type-product","3":"status-publish","4":"has-post-thumbnail","6":"product_cat-testeur-de-cbd","7":"product_cat-destination-website","8":"product_cat-objectif","9":"product_cat-avoir-de-visites","11":"first","12":"instock","13":"shipping-taxable","14":"purchasable","15":"product-type-variable"},"_links":{"self":[{"href":"https:\/\/colorfulstrategy.eu\/fr\/wp-json\/wp\/v2\/product\/117893","targetHints":{"allow":["GET"]}}],"collection":[{"href":"https:\/\/colorfulstrategy.eu\/fr\/wp-json\/wp\/v2\/product"}],"about":[{"href":"https:\/\/colorfulstrategy.eu\/fr\/wp-json\/wp\/v2\/types\/product"}],"replies":[{"embeddable":true,"href":"https:\/\/colorfulstrategy.eu\/fr\/wp-json\/wp\/v2\/comments?post=117893"}],"wp:featuredmedia":[{"embeddable":true,"href":"https:\/\/colorfulstrategy.eu\/fr\/wp-json\/wp\/v2\/media\/117857"}],"wp:attachment":[{"href":"https:\/\/colorfulstrategy.eu\/fr\/wp-json\/wp\/v2\/media?parent=117893"}],"wp:term":[{"taxonomy":"product_brand","embeddable":true,"href":"https:\/\/colorfulstrategy.eu\/fr\/wp-json\/wp\/v2\/product_brand?post=117893"},{"taxonomy":"product_cat","embeddable":true,"href":"https:\/\/colorfulstrategy.eu\/fr\/wp-json\/wp\/v2\/product_cat?post=117893"},{"taxonomy":"product_tag","embeddable":true,"href":"https:\/\/colorfulstrategy.eu\/fr\/wp-json\/wp\/v2\/product_tag?post=117893"}],"curies":[{"name":"wp","href":"https:\/\/api.w.org\/{rel}","templated":true}]}}