{"id":117795,"date":"2023-08-19T15:52:02","date_gmt":"2023-08-19T15:52:02","guid":{"rendered":"https:\/\/colorfulstrategy.eu\/?post_type=product&#038;p=117795"},"modified":"2024-07-09T01:03:31","modified_gmt":"2024-07-09T01:03:31","slug":"jym-le-caviste","status":"publish","type":"product","link":"https:\/\/colorfulstrategy.eu\/fr\/produit\/jym-le-caviste\/","title":{"rendered":"Demander \u00e0 Jym &#8211; le caviste de trouver l&#8217;accord parfait"},"content":{"rendered":"<div class=\"wpb-content-wrapper\"><div data-parent=\"true\" class=\"vc_row row-container\" id=\"row-unique-0\"><div class=\"row col-one-gutter limit-width row-parent\"><div class=\"wpb_row row-inner\"><div class=\"wpb_column pos-top pos-center align_left column_parent col-lg-12 half-internal-gutter\"><div class=\"uncol style-light\"  ><div class=\"uncoltable\"><div class=\"uncell no-block-padding\" ><div class=\"uncont\" ><div class=\"uncode-single-media  text-left\"><div class=\"single-wrapper\" style=\"max-width: 100%;\"><div class=\"tmb tmb-light  tmb-media-first tmb-media-last tmb-content-overlay tmb-no-bg\"><div class=\"t-inside\"><div class=\"t-entry-visual\"><div class=\"t-entry-visual-tc\"><div class=\"uncode-single-media-wrapper\"><img decoding=\"async\" class=\"wp-image-118066\" src=\"https:\/\/colorfulstrategy.eu\/wp-content\/uploads\/2023\/08\/Accord-Jym-Caviste-Herbaliste-CBD-4sensvins-001.png\" width=\"1454\" height=\"785\" alt=\"\" srcset=\"https:\/\/colorfulstrategy.eu\/wp-content\/uploads\/2023\/08\/Accord-Jym-Caviste-Herbaliste-CBD-4sensvins-001.png 1454w, https:\/\/colorfulstrategy.eu\/wp-content\/uploads\/2023\/08\/Accord-Jym-Caviste-Herbaliste-CBD-4sensvins-001-300x162.png 300w, https:\/\/colorfulstrategy.eu\/wp-content\/uploads\/2023\/08\/Accord-Jym-Caviste-Herbaliste-CBD-4sensvins-001-1024x553.png 1024w, https:\/\/colorfulstrategy.eu\/wp-content\/uploads\/2023\/08\/Accord-Jym-Caviste-Herbaliste-CBD-4sensvins-001-768x415.png 768w, https:\/\/colorfulstrategy.eu\/wp-content\/uploads\/2023\/08\/Accord-Jym-Caviste-Herbaliste-CBD-4sensvins-001-18x10.png 18w, https:\/\/colorfulstrategy.eu\/wp-content\/uploads\/2023\/08\/Accord-Jym-Caviste-Herbaliste-CBD-4sensvins-001-350x189.png 350w, https:\/\/colorfulstrategy.eu\/wp-content\/uploads\/2023\/08\/Accord-Jym-Caviste-Herbaliste-CBD-4sensvins-001-600x324.png 600w\" sizes=\"(max-width: 1454px) 100vw, 1454px\" \/><\/div>\n\t\t\t\t\t<\/div>\n\t\t\t\t<\/div><\/div><\/div><\/div><\/div><div class=\"uncode-single-media  text-left\"><div class=\"single-wrapper\" style=\"max-width: 100%;\"><div class=\"tmb tmb-light  tmb-media-first tmb-media-last tmb-content-overlay tmb-no-bg\"><div class=\"t-inside\"><div class=\"t-entry-visual\"><div class=\"t-entry-visual-tc\"><div class=\"uncode-single-media-wrapper\"><img decoding=\"async\" class=\"wp-image-118067\" src=\"https:\/\/colorfulstrategy.eu\/wp-content\/uploads\/2023\/08\/Accord-Jym-Caviste-Herbaliste-CBD-4sensvins-002.png\" width=\"1448\" height=\"771\" alt=\"\" srcset=\"https:\/\/colorfulstrategy.eu\/wp-content\/uploads\/2023\/08\/Accord-Jym-Caviste-Herbaliste-CBD-4sensvins-002.png 1448w, https:\/\/colorfulstrategy.eu\/wp-content\/uploads\/2023\/08\/Accord-Jym-Caviste-Herbaliste-CBD-4sensvins-002-300x160.png 300w, https:\/\/colorfulstrategy.eu\/wp-content\/uploads\/2023\/08\/Accord-Jym-Caviste-Herbaliste-CBD-4sensvins-002-1024x545.png 1024w, https:\/\/colorfulstrategy.eu\/wp-content\/uploads\/2023\/08\/Accord-Jym-Caviste-Herbaliste-CBD-4sensvins-002-768x409.png 768w, https:\/\/colorfulstrategy.eu\/wp-content\/uploads\/2023\/08\/Accord-Jym-Caviste-Herbaliste-CBD-4sensvins-002-18x10.png 18w, https:\/\/colorfulstrategy.eu\/wp-content\/uploads\/2023\/08\/Accord-Jym-Caviste-Herbaliste-CBD-4sensvins-002-350x186.png 350w, https:\/\/colorfulstrategy.eu\/wp-content\/uploads\/2023\/08\/Accord-Jym-Caviste-Herbaliste-CBD-4sensvins-002-600x319.png 600w\" sizes=\"(max-width: 1448px) 100vw, 1448px\" \/><\/div>\n\t\t\t\t\t<\/div>\n\t\t\t\t<\/div><\/div><\/div><\/div><\/div><div class=\"uncode-single-media  text-left\"><div class=\"single-wrapper\" style=\"max-width: 100%;\"><div class=\"tmb tmb-light  tmb-media-first tmb-media-last tmb-content-overlay tmb-no-bg\"><div class=\"t-inside\"><div class=\"t-entry-visual\"><div class=\"t-entry-visual-tc\"><div class=\"uncode-single-media-wrapper\"><img decoding=\"async\" class=\"wp-image-118068\" src=\"https:\/\/colorfulstrategy.eu\/wp-content\/uploads\/2023\/08\/Accord-Jym-Caviste-Herbaliste-CBD-4sensvins-003.png\" width=\"1445\" height=\"647\" alt=\"\" srcset=\"https:\/\/colorfulstrategy.eu\/wp-content\/uploads\/2023\/08\/Accord-Jym-Caviste-Herbaliste-CBD-4sensvins-003.png 1445w, https:\/\/colorfulstrategy.eu\/wp-content\/uploads\/2023\/08\/Accord-Jym-Caviste-Herbaliste-CBD-4sensvins-003-300x134.png 300w, https:\/\/colorfulstrategy.eu\/wp-content\/uploads\/2023\/08\/Accord-Jym-Caviste-Herbaliste-CBD-4sensvins-003-1024x458.png 1024w, https:\/\/colorfulstrategy.eu\/wp-content\/uploads\/2023\/08\/Accord-Jym-Caviste-Herbaliste-CBD-4sensvins-003-768x344.png 768w, https:\/\/colorfulstrategy.eu\/wp-content\/uploads\/2023\/08\/Accord-Jym-Caviste-Herbaliste-CBD-4sensvins-003-18x8.png 18w, https:\/\/colorfulstrategy.eu\/wp-content\/uploads\/2023\/08\/Accord-Jym-Caviste-Herbaliste-CBD-4sensvins-003-350x157.png 350w, https:\/\/colorfulstrategy.eu\/wp-content\/uploads\/2023\/08\/Accord-Jym-Caviste-Herbaliste-CBD-4sensvins-003-600x269.png 600w\" sizes=\"(max-width: 1445px) 100vw, 1445px\" \/><\/div>\n\t\t\t\t\t<\/div>\n\t\t\t\t<\/div><\/div><\/div><\/div><\/div><div class=\"uncode-single-media  text-left\"><div class=\"single-wrapper\" style=\"max-width: 100%;\"><div class=\"tmb tmb-light  tmb-media-first tmb-media-last tmb-content-overlay tmb-no-bg\"><div class=\"t-inside\"><div class=\"t-entry-visual\"><div class=\"t-entry-visual-tc\"><div class=\"uncode-single-media-wrapper\"><img decoding=\"async\" class=\"wp-image-118069\" src=\"https:\/\/colorfulstrategy.eu\/wp-content\/uploads\/2023\/08\/Accord-Jym-Caviste-Herbaliste-CBD-4sensvins-04.png\" width=\"1451\" height=\"777\" alt=\"\" srcset=\"https:\/\/colorfulstrategy.eu\/wp-content\/uploads\/2023\/08\/Accord-Jym-Caviste-Herbaliste-CBD-4sensvins-04.png 1451w, https:\/\/colorfulstrategy.eu\/wp-content\/uploads\/2023\/08\/Accord-Jym-Caviste-Herbaliste-CBD-4sensvins-04-300x161.png 300w, https:\/\/colorfulstrategy.eu\/wp-content\/uploads\/2023\/08\/Accord-Jym-Caviste-Herbaliste-CBD-4sensvins-04-1024x548.png 1024w, https:\/\/colorfulstrategy.eu\/wp-content\/uploads\/2023\/08\/Accord-Jym-Caviste-Herbaliste-CBD-4sensvins-04-768x411.png 768w, https:\/\/colorfulstrategy.eu\/wp-content\/uploads\/2023\/08\/Accord-Jym-Caviste-Herbaliste-CBD-4sensvins-04-18x10.png 18w, https:\/\/colorfulstrategy.eu\/wp-content\/uploads\/2023\/08\/Accord-Jym-Caviste-Herbaliste-CBD-4sensvins-04-350x187.png 350w, https:\/\/colorfulstrategy.eu\/wp-content\/uploads\/2023\/08\/Accord-Jym-Caviste-Herbaliste-CBD-4sensvins-04-600x321.png 600w\" sizes=\"(max-width: 1451px) 100vw, 1451px\" \/><\/div>\n\t\t\t\t\t<\/div>\n\t\t\t\t<\/div><\/div><\/div><\/div><\/div><\/div><\/div><\/div><\/div><\/div><script id=\"script-row-unique-0\" data-row=\"script-row-unique-0\" type=\"text\/javascript\" class=\"vc_controls\">UNCODE.initRow(document.getElementById(\"row-unique-0\"));<\/script><\/div><\/div><\/div>\n<\/div>","protected":false},"excerpt":{"rendered":"<blockquote><p><span style=\"font-weight: 400;\"><strong>Jym est caviste depuis plus de 10 ans et c\u2019est une encyclop\u00e9die vivante des vignobles.<\/strong> <\/span><\/p><\/blockquote>\n<p><span style=\"font-weight: 400;\">En tant que consommateur de chanvre, il a vite su d\u00e9celer les ressemblances entre les deux mondes et en a d\u00e9cid\u00e9 d\u2019en faire tout un concept.<br \/>\n<\/span><\/p>\n<p><span style=\"font-weight: 400;\">Associer le bon vin (ou autre spiritueux) au bon produit, la bonne fleur ou la bonne r\u00e9sine. Un accord parfait en quelque sorte ! Fleurs ? R\u00e9sines ? Extraits ? Envoyez-lui vos p\u00e9pites, il ira dans sa cave trouver la merveille \u00e0 marier avec votre produit. <\/span><\/p>\n<p><span style=\"font-weight: 400;\">Il publiera son accord parfait sur son blog et invitera les lecteurs \u00e0 refaire l\u2019accord chez eux avec les r\u00e9f\u00e9rences de vos produits. Ces articles sont du contenu a haute valeur ajout\u00e9e qui influence aussi votre SEO de mani\u00e8re positive.<\/span><\/p>","protected":false},"featured_media":117855,"comment_status":"open","ping_status":"closed","template":"","meta":[],"product_brand":[],"product_cat":[114,124,128,125,121,126,129],"product_tag":[],"class_list":{"0":"post-117795","1":"product","2":"type-product","3":"status-publish","4":"has-post-thumbnail","6":"product_cat-testeur-de-cbd","7":"product_cat-destination-website","8":"product_cat-avoir-de-ventes","9":"product_cat-objectif","10":"product_cat-4-sens-vins","11":"product_cat-avoir-de-visites","12":"product_cat-developper-mon-image","14":"first","15":"instock","16":"virtual","17":"purchasable","18":"product-type-simple"},"_links":{"self":[{"href":"https:\/\/colorfulstrategy.eu\/fr\/wp-json\/wp\/v2\/product\/117795","targetHints":{"allow":["GET"]}}],"collection":[{"href":"https:\/\/colorfulstrategy.eu\/fr\/wp-json\/wp\/v2\/product"}],"about":[{"href":"https:\/\/colorfulstrategy.eu\/fr\/wp-json\/wp\/v2\/types\/product"}],"replies":[{"embeddable":true,"href":"https:\/\/colorfulstrategy.eu\/fr\/wp-json\/wp\/v2\/comments?post=117795"}],"wp:featuredmedia":[{"embeddable":true,"href":"https:\/\/colorfulstrategy.eu\/fr\/wp-json\/wp\/v2\/media\/117855"}],"wp:attachment":[{"href":"https:\/\/colorfulstrategy.eu\/fr\/wp-json\/wp\/v2\/media?parent=117795"}],"wp:term":[{"taxonomy":"product_brand","embeddable":true,"href":"https:\/\/colorfulstrategy.eu\/fr\/wp-json\/wp\/v2\/product_brand?post=117795"},{"taxonomy":"product_cat","embeddable":true,"href":"https:\/\/colorfulstrategy.eu\/fr\/wp-json\/wp\/v2\/product_cat?post=117795"},{"taxonomy":"product_tag","embeddable":true,"href":"https:\/\/colorfulstrategy.eu\/fr\/wp-json\/wp\/v2\/product_tag?post=117795"}],"curies":[{"name":"wp","href":"https:\/\/api.w.org\/{rel}","templated":true}]}}