{"id":117794,"date":"2023-08-19T15:49:12","date_gmt":"2023-08-19T15:49:12","guid":{"rendered":"https:\/\/colorfulstrategy.eu\/?post_type=product&#038;p=117794"},"modified":"2024-03-23T21:55:19","modified_gmt":"2024-03-23T21:55:19","slug":"cheffe-marie","status":"publish","type":"product","link":"https:\/\/colorfulstrategy.eu\/fr\/produit\/cheffe-marie\/","title":{"rendered":"Demander a cheffe Marie une recette de p\u00e2tisserie avec mes produits"},"content":{"rendered":"<div class=\"wpb-content-wrapper\"><div data-parent=\"true\" class=\"vc_row row-container\" id=\"row-unique-0\"><div class=\"row one-top-padding one-bottom-padding single-h-padding limit-width row-parent\"><div class=\"wpb_row row-inner\"><div class=\"wpb_column pos-top pos-center align_left column_parent col-lg-12 half-internal-gutter\"><div class=\"uncol style-light\"  ><div class=\"uncoltable\"><div class=\"uncell no-block-padding\" ><div class=\"uncont\" ><div class=\"uncode-single-media  text-left\"><div class=\"single-wrapper\" style=\"max-width: 100%;\"><div class=\"tmb tmb-light  tmb-media-first tmb-media-last tmb-content-overlay tmb-no-bg\"><div class=\"t-inside\"><div class=\"t-entry-visual\"><div class=\"t-entry-visual-tc\"><div class=\"uncode-single-media-wrapper\"><img decoding=\"async\" class=\"wp-image-118059\" src=\"https:\/\/colorfulstrategy.eu\/wp-content\/uploads\/2023\/08\/Patisserie-avec-votre-produit-CBD-Cheffe-Patissiere-Marie.png\" width=\"1446\" height=\"522\" alt=\"\" srcset=\"https:\/\/colorfulstrategy.eu\/wp-content\/uploads\/2023\/08\/Patisserie-avec-votre-produit-CBD-Cheffe-Patissiere-Marie.png 1446w, https:\/\/colorfulstrategy.eu\/wp-content\/uploads\/2023\/08\/Patisserie-avec-votre-produit-CBD-Cheffe-Patissiere-Marie-300x108.png 300w, https:\/\/colorfulstrategy.eu\/wp-content\/uploads\/2023\/08\/Patisserie-avec-votre-produit-CBD-Cheffe-Patissiere-Marie-1024x370.png 1024w, https:\/\/colorfulstrategy.eu\/wp-content\/uploads\/2023\/08\/Patisserie-avec-votre-produit-CBD-Cheffe-Patissiere-Marie-768x277.png 768w, https:\/\/colorfulstrategy.eu\/wp-content\/uploads\/2023\/08\/Patisserie-avec-votre-produit-CBD-Cheffe-Patissiere-Marie-18x6.png 18w, https:\/\/colorfulstrategy.eu\/wp-content\/uploads\/2023\/08\/Patisserie-avec-votre-produit-CBD-Cheffe-Patissiere-Marie-350x126.png 350w, https:\/\/colorfulstrategy.eu\/wp-content\/uploads\/2023\/08\/Patisserie-avec-votre-produit-CBD-Cheffe-Patissiere-Marie-600x217.png 600w\" sizes=\"(max-width: 1446px) 100vw, 1446px\" \/><\/div>\n\t\t\t\t\t<\/div>\n\t\t\t\t<\/div><\/div><\/div><\/div><\/div><div class=\"uncode-single-media  text-left\"><div class=\"single-wrapper\" style=\"max-width: 100%;\"><div class=\"tmb tmb-light  tmb-media-first tmb-media-last tmb-content-overlay tmb-no-bg\"><div class=\"t-inside\"><div class=\"t-entry-visual\"><div class=\"t-entry-visual-tc\"><div class=\"uncode-single-media-wrapper\"><img decoding=\"async\" class=\"wp-image-118060\" src=\"https:\/\/colorfulstrategy.eu\/wp-content\/uploads\/2023\/08\/Patisserie-avec-votre-produit-CBD-Cheffe-Patissiere-Marie-2.png\" width=\"1448\" height=\"622\" alt=\"\" srcset=\"https:\/\/colorfulstrategy.eu\/wp-content\/uploads\/2023\/08\/Patisserie-avec-votre-produit-CBD-Cheffe-Patissiere-Marie-2.png 1448w, https:\/\/colorfulstrategy.eu\/wp-content\/uploads\/2023\/08\/Patisserie-avec-votre-produit-CBD-Cheffe-Patissiere-Marie-2-300x129.png 300w, https:\/\/colorfulstrategy.eu\/wp-content\/uploads\/2023\/08\/Patisserie-avec-votre-produit-CBD-Cheffe-Patissiere-Marie-2-1024x440.png 1024w, https:\/\/colorfulstrategy.eu\/wp-content\/uploads\/2023\/08\/Patisserie-avec-votre-produit-CBD-Cheffe-Patissiere-Marie-2-768x330.png 768w, https:\/\/colorfulstrategy.eu\/wp-content\/uploads\/2023\/08\/Patisserie-avec-votre-produit-CBD-Cheffe-Patissiere-Marie-2-18x8.png 18w, https:\/\/colorfulstrategy.eu\/wp-content\/uploads\/2023\/08\/Patisserie-avec-votre-produit-CBD-Cheffe-Patissiere-Marie-2-350x150.png 350w, https:\/\/colorfulstrategy.eu\/wp-content\/uploads\/2023\/08\/Patisserie-avec-votre-produit-CBD-Cheffe-Patissiere-Marie-2-600x258.png 600w\" sizes=\"(max-width: 1448px) 100vw, 1448px\" \/><\/div>\n\t\t\t\t\t<\/div>\n\t\t\t\t<\/div><\/div><\/div><\/div><\/div><\/div><\/div><\/div><\/div><\/div><script id=\"script-row-unique-0\" data-row=\"script-row-unique-0\" type=\"text\/javascript\" class=\"vc_controls\">UNCODE.initRow(document.getElementById(\"row-unique-0\"));<\/script><\/div><\/div><\/div><div data-parent=\"true\" class=\"vc_row row-container\" id=\"row-unique-1\"><div class=\"row one-top-padding single-bottom-padding single-h-padding limit-width row-parent\"><div class=\"wpb_row row-inner\"><div class=\"wpb_column pos-top pos-center align_left column_parent col-lg-12 no-internal-gutter\"><div class=\"uncol style-light\"  ><div class=\"uncoltable\"><div class=\"uncell no-block-padding\" ><div class=\"uncont\" ><div class=\"uncode-single-media  text-left\"><div class=\"single-wrapper\" style=\"max-width: 100%;\"><div class=\"tmb tmb-light  tmb-media-first tmb-media-last tmb-content-overlay tmb-no-bg\"><div class=\"t-inside\"><div class=\"t-entry-visual\"><div class=\"t-entry-visual-tc\"><div class=\"uncode-single-media-wrapper\"><img decoding=\"async\" class=\"wp-image-118061\" src=\"https:\/\/colorfulstrategy.eu\/wp-content\/uploads\/2023\/08\/Patisserie-avec-votre-produit-CBD-Cheffe-Patissiere-Marie-3.png\" width=\"1453\" height=\"814\" alt=\"\" srcset=\"https:\/\/colorfulstrategy.eu\/wp-content\/uploads\/2023\/08\/Patisserie-avec-votre-produit-CBD-Cheffe-Patissiere-Marie-3.png 1453w, https:\/\/colorfulstrategy.eu\/wp-content\/uploads\/2023\/08\/Patisserie-avec-votre-produit-CBD-Cheffe-Patissiere-Marie-3-300x168.png 300w, https:\/\/colorfulstrategy.eu\/wp-content\/uploads\/2023\/08\/Patisserie-avec-votre-produit-CBD-Cheffe-Patissiere-Marie-3-1024x574.png 1024w, https:\/\/colorfulstrategy.eu\/wp-content\/uploads\/2023\/08\/Patisserie-avec-votre-produit-CBD-Cheffe-Patissiere-Marie-3-768x430.png 768w, https:\/\/colorfulstrategy.eu\/wp-content\/uploads\/2023\/08\/Patisserie-avec-votre-produit-CBD-Cheffe-Patissiere-Marie-3-18x10.png 18w, https:\/\/colorfulstrategy.eu\/wp-content\/uploads\/2023\/08\/Patisserie-avec-votre-produit-CBD-Cheffe-Patissiere-Marie-3-350x196.png 350w, https:\/\/colorfulstrategy.eu\/wp-content\/uploads\/2023\/08\/Patisserie-avec-votre-produit-CBD-Cheffe-Patissiere-Marie-3-600x336.png 600w\" sizes=\"(max-width: 1453px) 100vw, 1453px\" \/><\/div>\n\t\t\t\t\t<\/div>\n\t\t\t\t<\/div><\/div><\/div><\/div><\/div><div class=\"uncode-single-media  text-left\"><div class=\"single-wrapper\" style=\"max-width: 100%;\"><div class=\"tmb tmb-light  tmb-media-first tmb-media-last tmb-content-overlay tmb-no-bg\"><div class=\"t-inside\"><div class=\"t-entry-visual\"><div class=\"t-entry-visual-tc\"><div class=\"uncode-single-media-wrapper\"><img decoding=\"async\" class=\"wp-image-118058\" src=\"https:\/\/colorfulstrategy.eu\/wp-content\/uploads\/2023\/08\/Patisserie-avec-votre-produit-CBD-Cheffe-Patissiere-Marie-4.png\" width=\"1454\" height=\"626\" alt=\"\" srcset=\"https:\/\/colorfulstrategy.eu\/wp-content\/uploads\/2023\/08\/Patisserie-avec-votre-produit-CBD-Cheffe-Patissiere-Marie-4.png 1454w, https:\/\/colorfulstrategy.eu\/wp-content\/uploads\/2023\/08\/Patisserie-avec-votre-produit-CBD-Cheffe-Patissiere-Marie-4-300x129.png 300w, https:\/\/colorfulstrategy.eu\/wp-content\/uploads\/2023\/08\/Patisserie-avec-votre-produit-CBD-Cheffe-Patissiere-Marie-4-1024x441.png 1024w, https:\/\/colorfulstrategy.eu\/wp-content\/uploads\/2023\/08\/Patisserie-avec-votre-produit-CBD-Cheffe-Patissiere-Marie-4-768x331.png 768w, https:\/\/colorfulstrategy.eu\/wp-content\/uploads\/2023\/08\/Patisserie-avec-votre-produit-CBD-Cheffe-Patissiere-Marie-4-18x8.png 18w, https:\/\/colorfulstrategy.eu\/wp-content\/uploads\/2023\/08\/Patisserie-avec-votre-produit-CBD-Cheffe-Patissiere-Marie-4-350x151.png 350w, https:\/\/colorfulstrategy.eu\/wp-content\/uploads\/2023\/08\/Patisserie-avec-votre-produit-CBD-Cheffe-Patissiere-Marie-4-600x258.png 600w\" sizes=\"(max-width: 1454px) 100vw, 1454px\" \/><\/div>\n\t\t\t\t\t<\/div>\n\t\t\t\t<\/div><\/div><\/div><\/div><\/div><\/div><\/div><\/div><\/div><\/div><script id=\"script-row-unique-1\" data-row=\"script-row-unique-1\" type=\"text\/javascript\" class=\"vc_controls\">UNCODE.initRow(document.getElementById(\"row-unique-1\"));<\/script><\/div><\/div><\/div>\n<\/div>","protected":false},"excerpt":{"rendered":"<blockquote><p><strong>Marie, notre Cheffe P\u00e2tissi\u00e8re, r\u00e9alise pour vous des recettes sucr\u00e9es et\/ou sal\u00e9es (et l\u00e9g\u00e8res !) en utilisant le ou les produits de votre choix. Demandez \u00e0 notre Cheffe d&#8217;int\u00e9grer vos produits CBD \u00e0 une recette de p\u00e2tisserie unique.<\/strong><\/p><\/blockquote>\n<h4>&#8211; Ce que Marie cr\u00e9e pour vous &#8211;<\/h4>\n<ol>\n<li>LA CHEFFE PENSE ET ELABORE UNE P\u00c2TISSERIE BAS\u00c9E SUR VOS PRODUITS<\/li>\n<li>R\u00c9ALISATION DE LA RECETTE (TEXTE + PHOTOS INCLUS)<\/li>\n<li>PUBLICATION DE LA RECETTE SUR NOS R\u00c9SEAUX<\/li>\n<\/ol>\n<p>&nbsp;<\/p>","protected":false},"featured_media":117854,"comment_status":"open","ping_status":"closed","template":"","meta":[],"product_brand":[],"product_cat":[114,124,128,125,126,129],"product_tag":[],"class_list":{"0":"post-117794","1":"product","2":"type-product","3":"status-publish","4":"has-post-thumbnail","6":"product_cat-testeur-de-cbd","7":"product_cat-destination-website","8":"product_cat-avoir-de-ventes","9":"product_cat-objectif","10":"product_cat-avoir-de-visites","11":"product_cat-developper-mon-image","13":"first","14":"instock","15":"virtual","16":"purchasable","17":"product-type-simple"},"_links":{"self":[{"href":"https:\/\/colorfulstrategy.eu\/fr\/wp-json\/wp\/v2\/product\/117794","targetHints":{"allow":["GET"]}}],"collection":[{"href":"https:\/\/colorfulstrategy.eu\/fr\/wp-json\/wp\/v2\/product"}],"about":[{"href":"https:\/\/colorfulstrategy.eu\/fr\/wp-json\/wp\/v2\/types\/product"}],"replies":[{"embeddable":true,"href":"https:\/\/colorfulstrategy.eu\/fr\/wp-json\/wp\/v2\/comments?post=117794"}],"wp:featuredmedia":[{"embeddable":true,"href":"https:\/\/colorfulstrategy.eu\/fr\/wp-json\/wp\/v2\/media\/117854"}],"wp:attachment":[{"href":"https:\/\/colorfulstrategy.eu\/fr\/wp-json\/wp\/v2\/media?parent=117794"}],"wp:term":[{"taxonomy":"product_brand","embeddable":true,"href":"https:\/\/colorfulstrategy.eu\/fr\/wp-json\/wp\/v2\/product_brand?post=117794"},{"taxonomy":"product_cat","embeddable":true,"href":"https:\/\/colorfulstrategy.eu\/fr\/wp-json\/wp\/v2\/product_cat?post=117794"},{"taxonomy":"product_tag","embeddable":true,"href":"https:\/\/colorfulstrategy.eu\/fr\/wp-json\/wp\/v2\/product_tag?post=117794"}],"curies":[{"name":"wp","href":"https:\/\/api.w.org\/{rel}","templated":true}]}}