{"id":117793,"date":"2023-08-19T15:48:00","date_gmt":"2023-08-19T15:48:00","guid":{"rendered":"https:\/\/colorfulstrategy.eu\/?post_type=product&#038;p=117793"},"modified":"2024-03-24T10:36:39","modified_gmt":"2024-03-24T10:36:39","slug":"voix-des-marques","status":"publish","type":"product","link":"https:\/\/colorfulstrategy.eu\/fr\/produit\/voix-des-marques\/","title":{"rendered":"\u00ab La Voix des Marques \u00bb &#8211; Article invit\u00e9 sur Testeur de CBD"},"content":{"rendered":"<div class=\"wpb-content-wrapper\"><div data-parent=\"true\" class=\"vc_row row-container\" id=\"row-unique-0\"><div class=\"row limit-width row-parent\"><div class=\"wpb_row row-inner\"><div class=\"wpb_column pos-top pos-center align_left column_parent col-lg-12 single-internal-gutter\"><div class=\"uncol style-light\"  ><div class=\"uncoltable\"><div class=\"uncell no-block-padding\" ><div class=\"uncont\" ><div class=\"uncode_text_column\" ><p><img decoding=\"async\" class=\"aligncenter wp-image-118082 size-full\" src=\"https:\/\/colorfulstrategy.eu\/wp-content\/uploads\/2023\/08\/DESCRI-PRODUIT-COLORFUL-Voix-des-Marques-1.png\" alt=\"\" width=\"1280\" height=\"900\" srcset=\"https:\/\/colorfulstrategy.eu\/wp-content\/uploads\/2023\/08\/DESCRI-PRODUIT-COLORFUL-Voix-des-Marques-1.png 1280w, https:\/\/colorfulstrategy.eu\/wp-content\/uploads\/2023\/08\/DESCRI-PRODUIT-COLORFUL-Voix-des-Marques-1-300x211.png 300w, https:\/\/colorfulstrategy.eu\/wp-content\/uploads\/2023\/08\/DESCRI-PRODUIT-COLORFUL-Voix-des-Marques-1-1024x720.png 1024w, https:\/\/colorfulstrategy.eu\/wp-content\/uploads\/2023\/08\/DESCRI-PRODUIT-COLORFUL-Voix-des-Marques-1-768x540.png 768w, https:\/\/colorfulstrategy.eu\/wp-content\/uploads\/2023\/08\/DESCRI-PRODUIT-COLORFUL-Voix-des-Marques-1-18x12.png 18w, https:\/\/colorfulstrategy.eu\/wp-content\/uploads\/2023\/08\/DESCRI-PRODUIT-COLORFUL-Voix-des-Marques-1-350x246.png 350w, https:\/\/colorfulstrategy.eu\/wp-content\/uploads\/2023\/08\/DESCRI-PRODUIT-COLORFUL-Voix-des-Marques-1-600x422.png 600w\" sizes=\"(max-width: 1280px) 100vw, 1280px\" \/><\/p>\n<\/div><div class=\"uncode_text_column\" ><p><img decoding=\"async\" class=\"aligncenter wp-image-118083 size-full\" src=\"https:\/\/colorfulstrategy.eu\/wp-content\/uploads\/2023\/08\/DESCRI-PRODUIT-COLORFUL-Voix-des-Marques-2.png\" alt=\"\" width=\"1280\" height=\"900\" srcset=\"https:\/\/colorfulstrategy.eu\/wp-content\/uploads\/2023\/08\/DESCRI-PRODUIT-COLORFUL-Voix-des-Marques-2.png 1280w, https:\/\/colorfulstrategy.eu\/wp-content\/uploads\/2023\/08\/DESCRI-PRODUIT-COLORFUL-Voix-des-Marques-2-300x211.png 300w, https:\/\/colorfulstrategy.eu\/wp-content\/uploads\/2023\/08\/DESCRI-PRODUIT-COLORFUL-Voix-des-Marques-2-1024x720.png 1024w, https:\/\/colorfulstrategy.eu\/wp-content\/uploads\/2023\/08\/DESCRI-PRODUIT-COLORFUL-Voix-des-Marques-2-768x540.png 768w, https:\/\/colorfulstrategy.eu\/wp-content\/uploads\/2023\/08\/DESCRI-PRODUIT-COLORFUL-Voix-des-Marques-2-18x12.png 18w, https:\/\/colorfulstrategy.eu\/wp-content\/uploads\/2023\/08\/DESCRI-PRODUIT-COLORFUL-Voix-des-Marques-2-350x246.png 350w, https:\/\/colorfulstrategy.eu\/wp-content\/uploads\/2023\/08\/DESCRI-PRODUIT-COLORFUL-Voix-des-Marques-2-600x422.png 600w\" sizes=\"(max-width: 1280px) 100vw, 1280px\" \/><\/p>\n<\/div><div class=\"uncode_text_column\" ><p><img decoding=\"async\" class=\"alignnone wp-image-118189 size-full\" src=\"https:\/\/colorfulstrategy.eu\/wp-content\/uploads\/2023\/08\/Voix-des-marques-Testeur-de-CBD-exemple-1.jpg\" alt=\"\" width=\"1500\" height=\"1000\" srcset=\"https:\/\/colorfulstrategy.eu\/wp-content\/uploads\/2023\/08\/Voix-des-marques-Testeur-de-CBD-exemple-1.jpg 1500w, https:\/\/colorfulstrategy.eu\/wp-content\/uploads\/2023\/08\/Voix-des-marques-Testeur-de-CBD-exemple-1-300x200.jpg 300w, https:\/\/colorfulstrategy.eu\/wp-content\/uploads\/2023\/08\/Voix-des-marques-Testeur-de-CBD-exemple-1-1024x683.jpg 1024w, https:\/\/colorfulstrategy.eu\/wp-content\/uploads\/2023\/08\/Voix-des-marques-Testeur-de-CBD-exemple-1-768x512.jpg 768w, https:\/\/colorfulstrategy.eu\/wp-content\/uploads\/2023\/08\/Voix-des-marques-Testeur-de-CBD-exemple-1-18x12.jpg 18w, https:\/\/colorfulstrategy.eu\/wp-content\/uploads\/2023\/08\/Voix-des-marques-Testeur-de-CBD-exemple-1-350x233.jpg 350w, https:\/\/colorfulstrategy.eu\/wp-content\/uploads\/2023\/08\/Voix-des-marques-Testeur-de-CBD-exemple-1-600x400.jpg 600w\" sizes=\"(max-width: 1500px) 100vw, 1500px\" \/><img decoding=\"async\" class=\"alignnone wp-image-118190 size-full\" src=\"https:\/\/colorfulstrategy.eu\/wp-content\/uploads\/2023\/08\/Voix-des-marques-Testeur-de-CBD-exemple-2.jpg\" alt=\"\" width=\"1500\" height=\"999\" srcset=\"https:\/\/colorfulstrategy.eu\/wp-content\/uploads\/2023\/08\/Voix-des-marques-Testeur-de-CBD-exemple-2.jpg 1500w, https:\/\/colorfulstrategy.eu\/wp-content\/uploads\/2023\/08\/Voix-des-marques-Testeur-de-CBD-exemple-2-300x200.jpg 300w, https:\/\/colorfulstrategy.eu\/wp-content\/uploads\/2023\/08\/Voix-des-marques-Testeur-de-CBD-exemple-2-1024x682.jpg 1024w, https:\/\/colorfulstrategy.eu\/wp-content\/uploads\/2023\/08\/Voix-des-marques-Testeur-de-CBD-exemple-2-768x511.jpg 768w, https:\/\/colorfulstrategy.eu\/wp-content\/uploads\/2023\/08\/Voix-des-marques-Testeur-de-CBD-exemple-2-18x12.jpg 18w, https:\/\/colorfulstrategy.eu\/wp-content\/uploads\/2023\/08\/Voix-des-marques-Testeur-de-CBD-exemple-2-350x233.jpg 350w, https:\/\/colorfulstrategy.eu\/wp-content\/uploads\/2023\/08\/Voix-des-marques-Testeur-de-CBD-exemple-2-600x400.jpg 600w\" sizes=\"(max-width: 1500px) 100vw, 1500px\" \/><img decoding=\"async\" class=\"alignnone wp-image-118191 size-full\" src=\"https:\/\/colorfulstrategy.eu\/wp-content\/uploads\/2023\/08\/Voix-des-marques-Testeur-de-CBD-exemple-3.jpg\" alt=\"\" width=\"1500\" height=\"1000\" srcset=\"https:\/\/colorfulstrategy.eu\/wp-content\/uploads\/2023\/08\/Voix-des-marques-Testeur-de-CBD-exemple-3.jpg 1500w, https:\/\/colorfulstrategy.eu\/wp-content\/uploads\/2023\/08\/Voix-des-marques-Testeur-de-CBD-exemple-3-300x200.jpg 300w, https:\/\/colorfulstrategy.eu\/wp-content\/uploads\/2023\/08\/Voix-des-marques-Testeur-de-CBD-exemple-3-1024x683.jpg 1024w, https:\/\/colorfulstrategy.eu\/wp-content\/uploads\/2023\/08\/Voix-des-marques-Testeur-de-CBD-exemple-3-768x512.jpg 768w, https:\/\/colorfulstrategy.eu\/wp-content\/uploads\/2023\/08\/Voix-des-marques-Testeur-de-CBD-exemple-3-18x12.jpg 18w, https:\/\/colorfulstrategy.eu\/wp-content\/uploads\/2023\/08\/Voix-des-marques-Testeur-de-CBD-exemple-3-350x233.jpg 350w, https:\/\/colorfulstrategy.eu\/wp-content\/uploads\/2023\/08\/Voix-des-marques-Testeur-de-CBD-exemple-3-600x400.jpg 600w\" sizes=\"(max-width: 1500px) 100vw, 1500px\" \/><\/p>\n<\/div><\/div><\/div><\/div><\/div><\/div><script id=\"script-row-unique-0\" data-row=\"script-row-unique-0\" type=\"text\/javascript\" class=\"vc_controls\">UNCODE.initRow(document.getElementById(\"row-unique-0\"));<\/script><\/div><\/div><\/div>\n<\/div>","protected":false},"excerpt":{"rendered":"<h5><strong>LA VOIX DES MARQUES (Article Invit\u00e9)<em> &#8211; testeurdecbd.fr<\/em><\/strong><\/h5>\n<p><strong>VOUS PARLEZ, ON PARTAGE !<\/strong><br \/>\nUne annonce, une nouveaut\u00e9 ? Publiez jusqu&#8217;\u00e0 <strong>1200 mots sur notre blog<\/strong> !<br \/>\nVous r\u00e9digez un article pr\u00e9sentant votre marque, votre philosophie, vos produits, nous nous occupons du reste.<\/p>\n<p><strong>VOTRE ARTICLE SUR NOTRE SITE<\/strong><br \/>\nVotre article sera partag\u00e9 sur notre site web (Blog business et page actualit\u00e9 de testeurdecbd.fr) et ins\u00e9r\u00e9 dans notre newsletter ainsi que sur nos r\u00e9seaux sociaux.<\/p>\n<hr \/>\n<h6>Note : Vous pouvez \u00e0 tout moment demander une critique gratuite de vos produits sur testeur de CBD. Votre article sera alors publi\u00e9 en texte brut. sans liens de retours ni options de partage social. Faites votre\u00a0<a href=\"https:\/\/testeurdecbd.fr\/demande-de-test-de-produits-cbd\/\">demande ici : CRITIQUE GRATUITE<\/a>. Si vous avez d\u00e9j\u00e0 \u00e9t\u00e9 publi\u00e9s sur Testeur de CBD, demandez le <a href=\"https:\/\/colorfulstrategy.eu\/fr\/produit\/boost-de-publication-testeurdecbd\/\">BOOST DE PUBLICATIONS (LIEN)<\/a> !<\/h6>","protected":false},"featured_media":117853,"comment_status":"open","ping_status":"closed","template":"","meta":[],"product_brand":[],"product_cat":[114,124,125,126,129],"product_tag":[],"class_list":{"0":"post-117793","1":"product","2":"type-product","3":"status-publish","4":"has-post-thumbnail","6":"product_cat-testeur-de-cbd","7":"product_cat-destination-website","8":"product_cat-objectif","9":"product_cat-avoir-de-visites","10":"product_cat-developper-mon-image","12":"first","13":"instock","14":"virtual","15":"purchasable","16":"product-type-simple"},"_links":{"self":[{"href":"https:\/\/colorfulstrategy.eu\/fr\/wp-json\/wp\/v2\/product\/117793","targetHints":{"allow":["GET"]}}],"collection":[{"href":"https:\/\/colorfulstrategy.eu\/fr\/wp-json\/wp\/v2\/product"}],"about":[{"href":"https:\/\/colorfulstrategy.eu\/fr\/wp-json\/wp\/v2\/types\/product"}],"replies":[{"embeddable":true,"href":"https:\/\/colorfulstrategy.eu\/fr\/wp-json\/wp\/v2\/comments?post=117793"}],"wp:featuredmedia":[{"embeddable":true,"href":"https:\/\/colorfulstrategy.eu\/fr\/wp-json\/wp\/v2\/media\/117853"}],"wp:attachment":[{"href":"https:\/\/colorfulstrategy.eu\/fr\/wp-json\/wp\/v2\/media?parent=117793"}],"wp:term":[{"taxonomy":"product_brand","embeddable":true,"href":"https:\/\/colorfulstrategy.eu\/fr\/wp-json\/wp\/v2\/product_brand?post=117793"},{"taxonomy":"product_cat","embeddable":true,"href":"https:\/\/colorfulstrategy.eu\/fr\/wp-json\/wp\/v2\/product_cat?post=117793"},{"taxonomy":"product_tag","embeddable":true,"href":"https:\/\/colorfulstrategy.eu\/fr\/wp-json\/wp\/v2\/product_tag?post=117793"}],"curies":[{"name":"wp","href":"https:\/\/api.w.org\/{rel}","templated":true}]}}