{"id":117791,"date":"2023-08-19T15:46:54","date_gmt":"2023-08-19T15:46:54","guid":{"rendered":"https:\/\/colorfulstrategy.eu\/?post_type=product&#038;p=117791"},"modified":"2024-03-23T21:54:24","modified_gmt":"2024-03-23T21:54:24","slug":"annuaire","status":"publish","type":"product","link":"https:\/\/colorfulstrategy.eu\/fr\/produit\/annuaire\/","title":{"rendered":"Lister ma marque\/entreprise dans l&#8217;annuaire"},"content":{"rendered":"<div class=\"wpb-content-wrapper\"><div data-parent=\"true\" class=\"vc_row row-container\" id=\"row-unique-0\"><div class=\"row limit-width row-parent\"><div class=\"wpb_row row-inner\"><div class=\"wpb_column pos-top pos-center align_left column_parent col-lg-12 single-internal-gutter\"><div class=\"uncol style-light\"  ><div class=\"uncoltable\"><div class=\"uncell no-block-padding\" ><div class=\"uncont\" ><div class=\"uncode-single-media  text-center\"><div class=\"single-wrapper\" style=\"max-width: 100%;\"><div class=\"tmb tmb-light  tmb-media-first tmb-media-last tmb-content-overlay tmb-no-bg\"><div class=\"t-inside\"><div class=\"t-entry-visual\"><div class=\"t-entry-visual-tc\"><div class=\"uncode-single-media-wrapper\"><img decoding=\"async\" class=\"wp-image-118051\" src=\"https:\/\/colorfulstrategy.eu\/wp-content\/uploads\/2023\/08\/Annuaire-testeurdecbd-avantages-2.png\" width=\"800\" height=\"562\" alt=\"\" srcset=\"https:\/\/colorfulstrategy.eu\/wp-content\/uploads\/2023\/08\/Annuaire-testeurdecbd-avantages-2.png 800w, https:\/\/colorfulstrategy.eu\/wp-content\/uploads\/2023\/08\/Annuaire-testeurdecbd-avantages-2-300x211.png 300w, https:\/\/colorfulstrategy.eu\/wp-content\/uploads\/2023\/08\/Annuaire-testeurdecbd-avantages-2-768x540.png 768w, https:\/\/colorfulstrategy.eu\/wp-content\/uploads\/2023\/08\/Annuaire-testeurdecbd-avantages-2-18x12.png 18w, https:\/\/colorfulstrategy.eu\/wp-content\/uploads\/2023\/08\/Annuaire-testeurdecbd-avantages-2-350x246.png 350w, https:\/\/colorfulstrategy.eu\/wp-content\/uploads\/2023\/08\/Annuaire-testeurdecbd-avantages-2-600x422.png 600w\" sizes=\"(max-width: 800px) 100vw, 800px\" \/><\/div>\n\t\t\t\t\t<\/div>\n\t\t\t\t<\/div><\/div><\/div><\/div><\/div><div class=\"uncode-single-media  text-center\"><div class=\"single-wrapper\" style=\"max-width: 100%;\"><div class=\"tmb tmb-light  tmb-media-first tmb-media-last tmb-content-overlay tmb-no-bg\"><div class=\"t-inside\"><div class=\"t-entry-visual\"><div class=\"t-entry-visual-tc\"><div class=\"uncode-single-media-wrapper\"><img decoding=\"async\" class=\"wp-image-118050\" src=\"https:\/\/colorfulstrategy.eu\/wp-content\/uploads\/2023\/08\/Annuaire-testeurdecbd-avantages.png\" width=\"800\" height=\"562\" alt=\"\" srcset=\"https:\/\/colorfulstrategy.eu\/wp-content\/uploads\/2023\/08\/Annuaire-testeurdecbd-avantages.png 800w, https:\/\/colorfulstrategy.eu\/wp-content\/uploads\/2023\/08\/Annuaire-testeurdecbd-avantages-300x211.png 300w, https:\/\/colorfulstrategy.eu\/wp-content\/uploads\/2023\/08\/Annuaire-testeurdecbd-avantages-768x540.png 768w, https:\/\/colorfulstrategy.eu\/wp-content\/uploads\/2023\/08\/Annuaire-testeurdecbd-avantages-18x12.png 18w, https:\/\/colorfulstrategy.eu\/wp-content\/uploads\/2023\/08\/Annuaire-testeurdecbd-avantages-350x246.png 350w, https:\/\/colorfulstrategy.eu\/wp-content\/uploads\/2023\/08\/Annuaire-testeurdecbd-avantages-600x422.png 600w\" sizes=\"(max-width: 800px) 100vw, 800px\" \/><\/div>\n\t\t\t\t\t<\/div>\n\t\t\t\t<\/div><\/div><\/div><\/div><\/div><div class=\"uncode-single-media  text-center\"><div class=\"single-wrapper\" style=\"max-width: 100%;\"><div class=\"tmb tmb-light  tmb-media-first tmb-media-last tmb-content-overlay tmb-no-bg\"><div class=\"t-inside\"><div class=\"t-entry-visual\"><div class=\"t-entry-visual-tc\"><div class=\"uncode-single-media-wrapper\"><img decoding=\"async\" class=\"wp-image-118052\" src=\"https:\/\/colorfulstrategy.eu\/wp-content\/uploads\/2023\/08\/screen-annuaire-desktop-2.png\" width=\"1277\" height=\"756\" alt=\"\" srcset=\"https:\/\/colorfulstrategy.eu\/wp-content\/uploads\/2023\/08\/screen-annuaire-desktop-2.png 1277w, https:\/\/colorfulstrategy.eu\/wp-content\/uploads\/2023\/08\/screen-annuaire-desktop-2-300x178.png 300w, https:\/\/colorfulstrategy.eu\/wp-content\/uploads\/2023\/08\/screen-annuaire-desktop-2-1024x606.png 1024w, https:\/\/colorfulstrategy.eu\/wp-content\/uploads\/2023\/08\/screen-annuaire-desktop-2-768x455.png 768w, https:\/\/colorfulstrategy.eu\/wp-content\/uploads\/2023\/08\/screen-annuaire-desktop-2-18x12.png 18w, https:\/\/colorfulstrategy.eu\/wp-content\/uploads\/2023\/08\/screen-annuaire-desktop-2-350x207.png 350w, https:\/\/colorfulstrategy.eu\/wp-content\/uploads\/2023\/08\/screen-annuaire-desktop-2-600x355.png 600w\" sizes=\"(max-width: 1277px) 100vw, 1277px\" \/><\/div>\n\t\t\t\t\t<\/div>\n\t\t\t\t<\/div><\/div><\/div><\/div><\/div><div class=\"uncode-single-media  text-center\"><div class=\"single-wrapper\" style=\"max-width: 100%;\"><div class=\"tmb tmb-light  tmb-media-first tmb-media-last tmb-content-overlay tmb-no-bg\"><div class=\"t-inside\"><div class=\"t-entry-visual\"><div class=\"t-entry-visual-tc\"><div class=\"uncode-single-media-wrapper\"><img decoding=\"async\" class=\"wp-image-118053\" src=\"https:\/\/colorfulstrategy.eu\/wp-content\/uploads\/2023\/08\/screen-annuaire-desktop-3.png\" width=\"1272\" height=\"822\" alt=\"\" srcset=\"https:\/\/colorfulstrategy.eu\/wp-content\/uploads\/2023\/08\/screen-annuaire-desktop-3.png 1272w, https:\/\/colorfulstrategy.eu\/wp-content\/uploads\/2023\/08\/screen-annuaire-desktop-3-300x194.png 300w, https:\/\/colorfulstrategy.eu\/wp-content\/uploads\/2023\/08\/screen-annuaire-desktop-3-1024x662.png 1024w, https:\/\/colorfulstrategy.eu\/wp-content\/uploads\/2023\/08\/screen-annuaire-desktop-3-768x496.png 768w, https:\/\/colorfulstrategy.eu\/wp-content\/uploads\/2023\/08\/screen-annuaire-desktop-3-18x12.png 18w, https:\/\/colorfulstrategy.eu\/wp-content\/uploads\/2023\/08\/screen-annuaire-desktop-3-350x226.png 350w, https:\/\/colorfulstrategy.eu\/wp-content\/uploads\/2023\/08\/screen-annuaire-desktop-3-600x388.png 600w\" sizes=\"(max-width: 1272px) 100vw, 1272px\" \/><\/div>\n\t\t\t\t\t<\/div>\n\t\t\t\t<\/div><\/div><\/div><\/div><\/div><\/div><\/div><\/div><\/div><\/div><script id=\"script-row-unique-0\" data-row=\"script-row-unique-0\" type=\"text\/javascript\" class=\"vc_controls\">UNCODE.initRow(document.getElementById(\"row-unique-0\"));<\/script><\/div><\/div><\/div>\n<\/div>","protected":false},"excerpt":{"rendered":"<h5>R\u00c9F\u00c9RENCEMENT DANS L&#8217;ANNUAIRE <em>&#8211; testeurdecbd.fr<\/em><\/h5>\n<p>Testeur de CBD scanne votre marque et son site web. Les r\u00e9sultats sont ensuite publi\u00e9s sous forme d&#8217;une fiche technique entreprise compl\u00e8te.<\/p>\n<hr \/>\n<h6>Note : Vous pouvez \u00e0 tout moment demander une critique gratuite de vos produits sur testeur de CBD. Votre article sera alors publi\u00e9 en texte brut. sans liens de retours ni options de partage social. Faites votre\u00a0<a href=\"https:\/\/testeurdecbd.fr\/demande-de-test-de-produits-cbd\/\">demande ici : CRITIQUE GRATUITE<\/a>. Si vous avez d\u00e9j\u00e0 \u00e9t\u00e9 publi\u00e9s sur Testeur de CBD, demandez le <a href=\"https:\/\/colorfulstrategy.eu\/fr\/produit\/boost-de-publication-testeurdecbd\/\">BOOST DE PUBLICATIONS (LIEN)<\/a> !<\/h6>","protected":false},"featured_media":117851,"comment_status":"open","ping_status":"closed","template":"","meta":[],"product_brand":[],"product_cat":[114,124,125,126],"product_tag":[],"class_list":{"0":"post-117791","1":"product","2":"type-product","3":"status-publish","4":"has-post-thumbnail","6":"product_cat-testeur-de-cbd","7":"product_cat-destination-website","8":"product_cat-objectif","9":"product_cat-avoir-de-visites","11":"first","12":"instock","13":"purchasable","14":"product-type-variable"},"_links":{"self":[{"href":"https:\/\/colorfulstrategy.eu\/fr\/wp-json\/wp\/v2\/product\/117791","targetHints":{"allow":["GET"]}}],"collection":[{"href":"https:\/\/colorfulstrategy.eu\/fr\/wp-json\/wp\/v2\/product"}],"about":[{"href":"https:\/\/colorfulstrategy.eu\/fr\/wp-json\/wp\/v2\/types\/product"}],"replies":[{"embeddable":true,"href":"https:\/\/colorfulstrategy.eu\/fr\/wp-json\/wp\/v2\/comments?post=117791"}],"wp:featuredmedia":[{"embeddable":true,"href":"https:\/\/colorfulstrategy.eu\/fr\/wp-json\/wp\/v2\/media\/117851"}],"wp:attachment":[{"href":"https:\/\/colorfulstrategy.eu\/fr\/wp-json\/wp\/v2\/media?parent=117791"}],"wp:term":[{"taxonomy":"product_brand","embeddable":true,"href":"https:\/\/colorfulstrategy.eu\/fr\/wp-json\/wp\/v2\/product_brand?post=117791"},{"taxonomy":"product_cat","embeddable":true,"href":"https:\/\/colorfulstrategy.eu\/fr\/wp-json\/wp\/v2\/product_cat?post=117791"},{"taxonomy":"product_tag","embeddable":true,"href":"https:\/\/colorfulstrategy.eu\/fr\/wp-json\/wp\/v2\/product_tag?post=117791"}],"curies":[{"name":"wp","href":"https:\/\/api.w.org\/{rel}","templated":true}]}}