{"id":117790,"date":"2023-08-19T15:46:29","date_gmt":"2023-08-19T15:46:29","guid":{"rendered":"https:\/\/colorfulstrategy.eu\/?post_type=product&#038;p=117790"},"modified":"2024-07-01T21:56:46","modified_gmt":"2024-07-01T21:56:46","slug":"ads","status":"publish","type":"product","link":"https:\/\/colorfulstrategy.eu\/fr\/produit\/ads\/","title":{"rendered":"Louer des banni\u00e8res publicitaire sur Testeur de CBD"},"content":{"rendered":"","protected":false},"excerpt":{"rendered":"<h5>LOCATION DE PUB &#8211; <em>testeurdecbd.fr<\/em><\/h5>\n<p><span style=\"font-weight: 400;\">Envie de g\u00e9n\u00e9rer des clics vers votre site web ? Une promotion sp\u00e9ciale ? Nos banni\u00e8res publicitaires sont l\u00e0 pour \u00e7a !<br \/>\nAffichez les banni\u00e8res de votre choix aux emplacements strat\u00e9giques de Testeur de CBD et communiquez ainsi sur vos offres aupr\u00e8s de lecteurs avertis.<\/span><\/p>\n<hr \/>\n<h6>Note : Vous pouvez \u00e0 tout moment demander une critique gratuite de vos produits sur testeur de CBD. Votre article sera alors publi\u00e9 en texte brut. sans liens de retours ni options de partage social. Faites votre\u00a0<a href=\"https:\/\/testeurdecbd.fr\/demande-de-test-de-produits-cbd\/\">demande ici : CRITIQUE GRATUITE<\/a>. Si vous avez d\u00e9j\u00e0 \u00e9t\u00e9 publi\u00e9s sur Testeur de CBD, demandez le <a href=\"https:\/\/colorfulstrategy.eu\/fr\/produit\/boost-de-publication-testeurdecbd\/\">BOOST DE PUBLICATIONS (LIEN)<\/a> !<\/h6>","protected":false},"featured_media":117850,"comment_status":"open","ping_status":"closed","template":"","meta":[],"product_brand":[],"product_cat":[128,114,124,125,126],"product_tag":[],"class_list":{"0":"post-117790","1":"product","2":"type-product","3":"status-publish","4":"has-post-thumbnail","6":"product_cat-avoir-de-ventes","7":"product_cat-testeur-de-cbd","8":"product_cat-destination-website","9":"product_cat-objectif","10":"product_cat-avoir-de-visites","12":"first","13":"instock","14":"sale","15":"purchasable","16":"product-type-variable","17":"has-default-attributes","18":"woocommerce-product-gallery--with-variation-gallery product-gallery-placeholder"},"_links":{"self":[{"href":"https:\/\/colorfulstrategy.eu\/fr\/wp-json\/wp\/v2\/product\/117790","targetHints":{"allow":["GET"]}}],"collection":[{"href":"https:\/\/colorfulstrategy.eu\/fr\/wp-json\/wp\/v2\/product"}],"about":[{"href":"https:\/\/colorfulstrategy.eu\/fr\/wp-json\/wp\/v2\/types\/product"}],"replies":[{"embeddable":true,"href":"https:\/\/colorfulstrategy.eu\/fr\/wp-json\/wp\/v2\/comments?post=117790"}],"wp:featuredmedia":[{"embeddable":true,"href":"https:\/\/colorfulstrategy.eu\/fr\/wp-json\/wp\/v2\/media\/117850"}],"wp:attachment":[{"href":"https:\/\/colorfulstrategy.eu\/fr\/wp-json\/wp\/v2\/media?parent=117790"}],"wp:term":[{"taxonomy":"product_brand","embeddable":true,"href":"https:\/\/colorfulstrategy.eu\/fr\/wp-json\/wp\/v2\/product_brand?post=117790"},{"taxonomy":"product_cat","embeddable":true,"href":"https:\/\/colorfulstrategy.eu\/fr\/wp-json\/wp\/v2\/product_cat?post=117790"},{"taxonomy":"product_tag","embeddable":true,"href":"https:\/\/colorfulstrategy.eu\/fr\/wp-json\/wp\/v2\/product_tag?post=117790"}],"curies":[{"name":"wp","href":"https:\/\/api.w.org\/{rel}","templated":true}]}}