{"id":117789,"date":"2023-08-19T15:45:46","date_gmt":"2023-08-19T15:45:46","guid":{"rendered":"https:\/\/colorfulstrategy.eu\/?post_type=product&#038;p=117789"},"modified":"2024-08-07T01:11:39","modified_gmt":"2024-08-07T01:11:39","slug":"contrat-partenaire","status":"publish","type":"product","link":"https:\/\/colorfulstrategy.eu\/fr\/produit\/contrat-partenaire\/","title":{"rendered":"Contrat de partenariat"},"content":{"rendered":"<div class=\"wpb-content-wrapper\"><div data-parent=\"true\" class=\"vc_row row-container\" id=\"row-unique-0\"><div class=\"row quad-top-padding quad-bottom-padding single-h-padding limit-width row-parent\"><div class=\"wpb_row row-inner\"><div class=\"wpb_column pos-top pos-center align_center column_parent col-lg-12 single-internal-gutter\"><div class=\"uncol style-light\"  ><div class=\"uncoltable\"><div class=\"uncell\" ><div class=\"uncont no-block-padding col-custom-width\" style=\" max-width:900px;\" ><div class=\"vc_custom_heading_wrap\"><div class=\"heading-text el-text\" ><h3 class=\"h1\" ><span>Long headline on two lines to turn your visitors into users<\/span><\/h3><\/div><div class=\"clear\"><\/div><\/div><div class=\"uncode_text_column text-lead\" ><p>Change the color to match your brand or vision, add your logo, choose the perfect layout, modify menu settings, add animations, add shape dividers, increase engagement with call to action and more.<\/p>\n<\/div><\/div><\/div><\/div><\/div><\/div><script id=\"script-row-unique-0\" data-row=\"script-row-unique-0\" type=\"text\/javascript\" class=\"vc_controls\">UNCODE.initRow(document.getElementById(\"row-unique-0\"));<\/script><\/div><\/div><\/div><div data-parent=\"true\" class=\"vc_row row-container\" id=\"row-unique-1\"><div class=\"row col-double-gutter quad-top-padding no-bottom-padding single-h-padding limit-width row-parent\"><div class=\"wpb_row row-inner\"><div class=\"wpb_column pos-top pos-center align_left column_parent col-lg-7 single-internal-gutter\"><div class=\"uncol style-light\"  ><div class=\"uncoltable\"><div class=\"uncell no-block-padding\" ><div class=\"uncont\" ><div class=\"uncode-single-media  text-left\"><div class=\"single-wrapper\" style=\"max-width: 100%;\"><div class=\"tmb tmb-light  tmb-shadowed tmb-shadowed-none tmb-img-ratio tmb-media-first tmb-media-last tmb-content-overlay tmb-no-bg\"><div class=\"t-inside\"><div class=\"t-entry-visual\"><div class=\"t-entry-visual-tc\"><div class=\"uncode-single-media-wrapper\"><div class=\"dummy\" style=\"padding-top: 75%;\"><\/div><img decoding=\"async\" class=\"wp-image-103446\" src=\"https:\/\/colorfulstrategy.eu\/wp-content\/uploads\/2022\/07\/image-placeholder-1-min-uai-1706x1280.jpg\" width=\"1706\" height=\"1280\" alt=\"\"><\/div>\n\t\t\t\t\t<\/div>\n\t\t\t\t<\/div><\/div><\/div><\/div><\/div><\/div><\/div><\/div><\/div><\/div><div class=\"wpb_column pos-top pos-left align_left align_center_tablet align_center_mobile column_parent col-lg-5 half-internal-gutter\"><div class=\"uncol style-light\"  ><div class=\"uncoltable\"><div class=\"uncell no-block-padding\" ><div class=\"uncont\" style=\" max-width:80%;\" ><div class=\"vc_custom_heading_wrap\"><div class=\"heading-text el-text\" ><h3 class=\"h1\" ><span>Long headline to turn your visitors<\/span><\/h3><\/div><div class=\"clear\"><\/div><\/div><div class=\"uncode_text_column\" ><p>Change the color to match your brand or vision, add your logo, choose the perfect layout, modify menu settings, add animations, add shape dividers, increase engagement with call to action and more.<\/p>\n<\/div><\/div><\/div><\/div><\/div><\/div><script id=\"script-row-unique-1\" data-row=\"script-row-unique-1\" type=\"text\/javascript\" class=\"vc_controls\">UNCODE.initRow(document.getElementById(\"row-unique-1\"));<\/script><\/div><\/div><\/div><div data-parent=\"true\" class=\"vc_row row-container\" style=\"z-index: 1;\" id=\"row-unique-2\"><div class=\"row col-no-gutter no-top-padding quad-bottom-padding single-h-padding limit-width row-parent\"><div class=\"wpb_row row-inner\"><div class=\"wpb_column pos-top pos-center align_left align_center_tablet align_center_mobile column_parent col-lg-4 single-internal-gutter z_index_2\"><div class=\"uncol style-light shift_x_triple shift_y_double\"  ><div class=\"uncoltable\"><div class=\"uncell double-block-padding style-color-xsdn-bg has-bg unshadow-lg\" ><div class=\"uncont\" ><div class=\"vc_custom_heading_wrap\"><div class=\"heading-text el-text\" ><h3 class=\"h1\" ><span>Medium length display headline<\/span><\/h3><\/div><div class=\"clear\"><\/div><\/div><div class=\"uncode_text_column\" ><p>Change the color to match your brand or vision, add your logo, choose the perfect layout, modify menu settings and more.<\/p>\n<\/div><\/div><\/div><\/div><\/div><\/div><div class=\"wpb_column pos-top pos-center align_left column_parent col-lg-8 single-internal-gutter\"><div class=\"uncol style-spec style-dark shift_x_single shift_y_neg_quad\"  ><div class=\"uncoltable\"><div class=\"uncell no-block-padding\" ><div class=\"uncont\" style=\" max-width:900px;\" ><div class=\"empty-space empty-single desktop-hidden\" ><span class=\"empty-space-inner\"><\/span><\/div>\n<div class=\"uncode-single-media  text-left\"><div class=\"single-wrapper\" style=\"max-width: 100%;\"><div class=\"tmb tmb-light  tmb-shadowed tmb-shadowed-std tmb-img-ratio tmb-media-first tmb-media-last tmb-content-overlay tmb-no-bg\"><div class=\"t-inside\"><div class=\"t-entry-visual\"><div class=\"t-entry-visual-tc\"><div class=\"uncode-single-media-wrapper\"><div class=\"dummy\" style=\"padding-top: 66.7%;\"><\/div><img decoding=\"async\" class=\"wp-image-103448\" src=\"https:\/\/colorfulstrategy.eu\/wp-content\/uploads\/2022\/07\/image-placeholder-3-min.jpg\" width=\"1920\" height=\"1280\" alt=\"\" srcset=\"https:\/\/colorfulstrategy.eu\/wp-content\/uploads\/2022\/07\/image-placeholder-3-min.jpg 1920w, https:\/\/colorfulstrategy.eu\/wp-content\/uploads\/2022\/07\/image-placeholder-3-min-300x200.jpg 300w, https:\/\/colorfulstrategy.eu\/wp-content\/uploads\/2022\/07\/image-placeholder-3-min-1024x683.jpg 1024w, https:\/\/colorfulstrategy.eu\/wp-content\/uploads\/2022\/07\/image-placeholder-3-min-768x512.jpg 768w, https:\/\/colorfulstrategy.eu\/wp-content\/uploads\/2022\/07\/image-placeholder-3-min-1536x1024.jpg 1536w\" sizes=\"(max-width: 1920px) 100vw, 1920px\" \/><\/div>\n\t\t\t\t\t<\/div>\n\t\t\t\t<\/div><\/div><\/div><\/div><\/div><\/div><\/div><\/div><\/div><\/div><script id=\"script-row-unique-2\" data-row=\"script-row-unique-2\" type=\"text\/javascript\" class=\"vc_controls\">UNCODE.initRow(document.getElementById(\"row-unique-2\"));<\/script><\/div><\/div><\/div>\n<\/div>","protected":false},"excerpt":{"rendered":"<h5><strong>CONTRAT DE PARTENARIAT (ABONNEMENT) &#8211; <em>testeurdecbd.fr<\/em><\/strong><\/h5>\n<blockquote><p><strong>&#8220;Un contrat SIMPLE &amp; TOUT COMPRIS. Tout le potentiel Testeur de CBD, uniquement pour nos partenaires.&#8221;<br \/>\n<\/strong><\/p><\/blockquote>\n<h4>Avantages<\/h4>\n<ul>\n<li><strong>\u27a1\ufe0f\u00a0 Votre entreprise affich\u00e9e sur notre page &#8220;partenaire&#8221;<\/strong><\/li>\n<li><strong>\u27a1\ufe0f\u00a0 Tarifs avantageux sur nos services<\/strong><\/li>\n<li><strong>\u27a1\ufe0f\u00a0 Des liens de retours de qualit\u00e9 vers votre site web !<\/strong><br \/>\n<em>\u2139\ufe0f Plac\u00e9s judicieusement dans nos articles et critiques !<\/em><\/li>\n<li><strong>\u27a1\ufe0f\u00a0 Vos critiques de produits partag\u00e9s sur nos r\u00e9seaux<\/strong><br \/>\n<em>\u2139\ufe0f Facebook, Instagram, YouTube&#8230;<\/em><\/li>\n<li><strong>\u27a1\ufe0f\u00a0 Contenu sp\u00e9cial et concours originaux propos\u00e9s r\u00e9guli\u00e8rement !<\/strong><\/li>\n<\/ul>\n<hr \/>\n<p><span class=\"font-555555\">Note : Vous pouvez, \u00e0 tout moment, demander une critique gratuite de vos produits sur testeur de CBD. Faites votre <span style=\"color: #33cccc;\"><a style=\"color: #33cccc;\" href=\"https:\/\/testeurdecbd.fr\/demande-de-test-de-produits-cbd\/\">demande ici : CRITIQUE GRATUITE<\/a><\/span><\/span><\/p>","protected":false},"featured_media":118197,"comment_status":"open","ping_status":"closed","template":"","meta":[],"product_brand":[],"product_cat":[114,124,128,125,127,126,129],"product_tag":[],"class_list":{"0":"post-117789","1":"product","2":"type-product","3":"status-publish","4":"has-post-thumbnail","6":"product_cat-testeur-de-cbd","7":"product_cat-destination-website","8":"product_cat-avoir-de-ventes","9":"product_cat-objectif","10":"product_cat-avoir-de-followers","11":"product_cat-avoir-de-visites","12":"product_cat-developper-mon-image","14":"first","15":"instock","16":"sale","17":"sold-individually","18":"purchasable","19":"product-type-variable","20":"has-default-attributes"},"_links":{"self":[{"href":"https:\/\/colorfulstrategy.eu\/fr\/wp-json\/wp\/v2\/product\/117789","targetHints":{"allow":["GET"]}}],"collection":[{"href":"https:\/\/colorfulstrategy.eu\/fr\/wp-json\/wp\/v2\/product"}],"about":[{"href":"https:\/\/colorfulstrategy.eu\/fr\/wp-json\/wp\/v2\/types\/product"}],"replies":[{"embeddable":true,"href":"https:\/\/colorfulstrategy.eu\/fr\/wp-json\/wp\/v2\/comments?post=117789"}],"wp:featuredmedia":[{"embeddable":true,"href":"https:\/\/colorfulstrategy.eu\/fr\/wp-json\/wp\/v2\/media\/118197"}],"wp:attachment":[{"href":"https:\/\/colorfulstrategy.eu\/fr\/wp-json\/wp\/v2\/media?parent=117789"}],"wp:term":[{"taxonomy":"product_brand","embeddable":true,"href":"https:\/\/colorfulstrategy.eu\/fr\/wp-json\/wp\/v2\/product_brand?post=117789"},{"taxonomy":"product_cat","embeddable":true,"href":"https:\/\/colorfulstrategy.eu\/fr\/wp-json\/wp\/v2\/product_cat?post=117789"},{"taxonomy":"product_tag","embeddable":true,"href":"https:\/\/colorfulstrategy.eu\/fr\/wp-json\/wp\/v2\/product_tag?post=117789"}],"curies":[{"name":"wp","href":"https:\/\/api.w.org\/{rel}","templated":true}]}}